{"id":4,"date":"2013-03-15T12:36:27","date_gmt":"2013-03-15T12:36:27","guid":{"rendered":"http:\/\/lawyers-attorneys.vamtam.com\/?page_id=4"},"modified":"2020-09-26T16:40:59","modified_gmt":"2020-09-26T15:40:59","slug":"home","status":"publish","type":"page","link":"https:\/\/warn-avocats.fr\/","title":{"rendered":"Accueil"},"content":{"rendered":"<div class=\"row \"><div class=\"wpv-grid grid-1-1  wpv-first-level first unextended\" style=\"padding-top:0px;padding-bottom:0px\" id=\"wpv-column-b659f68dff9c880653fab1899d6fd065\" ><p>&nbsp;<\/div><\/div>\n<div class=\"push\" style='height:50px'><\/div>\n<div class=\"row \"><div class=\"wpv-grid grid-1-1  wpv-first-level first unextended\" style=\"padding-top:0px;padding-bottom:0px\" id=\"wpv-column-9f3941173375095ff74f3187218c4d1c\" ><p>&nbsp;<\/div><\/div>\n<div class=\"row \"><div class=\"wpv-grid grid-1-1  wpv-first-level first unextended animation-fade-in animated-active\" style=\"padding-top:0px;padding-bottom:0px\" id=\"wpv-column-8523bd16f815403089fd27597d145fb1\" >\t\t<h2 class=\"text-divider-double\">\t\t\t\n\t\t<\/h2>\t\t<div class=\"sep\"><\/div>\t<\/div><\/div>\n<div class=\"row \"><div class=\"wpv-grid grid-1-1  wpv-first-level first unextended animation-from-bottom animated-active\" style=\"padding-top:0px;padding-bottom:0px\" id=\"wpv-column-fff42a5c8003142e7b69ca8cf06b33a6\" ><h3 style=\"text-align: center;\"><strong>LA VOCATION DE\u00a0 NOTRE CABINET , VOUS CONSEILLER ET VOUS DEFENDRE.<\/strong><\/h3>\n<blockquote>\n<p style=\"text-align: center;\"><em>\u00ab\u00a0Jamais, sans la justice, il n&rsquo;y eut de bonheur v\u00e9ritable : c&rsquo;est sur elle qu&rsquo;il faut fonder son salut et ses esp\u00e9rances.\u00a0\u00bb<\/em><\/p>\n<\/blockquote>\n<p class=\"p1\" style=\"text-align: center;\">Euripide<\/div><\/div>\n<div class=\"push\" style='height:50px'><\/div>\n\t\t<h2 class=\"text-divider-double\">\t\t\t\n\t\t<\/h2>\t\t<div class=\"sep\"><\/div>\t\n<div class=\"row \"><div class=\"wpv-grid grid-1-1  wpv-first-level first unextended animation-fade-in animated-active\" style=\"padding-top:0px;padding-bottom:0px\" id=\"wpv-column-f04a86a52d7dbcaa3ae4247f4332a5d9\" ><div class=\"row \"><div class=\"wpv-grid grid-1-1  first unextended\" style=\"padding-top:0px;padding-bottom:0px\" id=\"wpv-column-4661220352d63ae30133ccb14843646e\" ><div class=\"wpv-accordion-wrapper wpv-accordion-1\"><ul class=\"wpv-accordion\" data-collapsible=\"1\"><li class=\"pane-wrapper\" style=\"\">\n\t\t\t\t\t<h4 class=\"tab\"><div class=\"inner\">Notre Histoire<\/div><\/h4>\n\t\t\t\t\t<div class=\"pane\"><div class=\"inner\"><div class=\"row \"><div class=\"wpv-grid grid-1-1  first unextended\" style=\"padding-top:0px;padding-bottom:0px\" id=\"wpv-column-a67de9f31e5624891d9766678b5b194c\" ><p style=\"text-align: left;\">Fond\u00e9 en 1994 , notre cabinet est compos\u00e9 d&rsquo;avocats inscrits au Barreau de Paris, sp\u00e9cialistes des techniques juridiques, sociales, contractuelles et contentieuses rompus \u00e0 la vie des entreprises.<\/p>\n<p>Nous vous assurons :<\/p>\n<p>\u2022 des conseils judicieux avant toute proc\u00e9dure ou engagement<br \/>\n\u2022 une assistance dans vos n\u00e9gociations ou transaction<br \/>\n\u2022 la d\u00e9fense de vos droits devant les Tribunaux<br \/>\n\u2022 une assistance permanente sur le plan juridique<\/p>\n<p>Nous proposons \u00e9galement \u00e0 nos clients la souscription de conventions d&rsquo;assistance juridique pour simplifier nos relations, faciliter le mode de facturation et leur assurer une solution cl\u00e9 en main aux probl\u00e9matiques juridiques du quotidien.<\/div><\/div><\/div><\/div>\n\t\t\t\t\t<\/li><\/ul><style>.wpv-accordion-1 .tab .inner { background-color: #486aec; color: #ffffff; }<\/style><\/div><\/div><\/div><\/div><\/div>\n<div class=\"push\" style='height:30px'><\/div>\n\t\t<div class=\"sep-text single centered\">\n\t\t\t\t\t\t\t<span class=\"sep-text-before\"><div class=\"sep-text-line\"><\/div><\/span>\n\t\t\t\t\t\t<div class=\"content\">\n\t\t\t\t<h2 class=\"text-divider-double\">\nPrise de contact<\/h2>\t\t\t<\/div>\n\t\t\t<span class=\"sep-text-after\"><div class=\"sep-text-line\"><\/div><\/span>\n\t\t\t\t\t<\/div>\n\t\n<div class=\"push\" style='margin-bottom:-10px'><\/div>\n<div class=\"row \"><div class=\"wpv-grid grid-1-1  wpv-first-level first unextended animation-fade-in animated-active\" style=\"padding-top:0px;padding-bottom:0px\" id=\"wpv-column-14fbbcea8265640d46579ec0fa77027f\" ><p style=\"text-align: center;\">Vous avez une question ? N&rsquo;h\u00e9sitez pas \u00e0 prendre contact avec nous ici par mail<br \/>\n<div class=\"push\" style='height:10px'><\/div> <p class=\"textcenter\"><a href=\"http:\/\/rouch-avocats.fr\/index.php\/contact\/\" target=\"_self\" style='font-size: 12px;' class=\"button vamtam-button accent1  button-border hover-accent1 \"><span class='icon shortcode theme  use-hover' style='font-size:20px !important;color:#7C7F82;'>&#57564;<\/span><span class=\"btext\">Contactez Nous<\/span><\/a><\/p><\/div><\/div>\n<div class=\"push\" style='height:80px'><\/div>\n","protected":false},"excerpt":{"rendered":"<p>&nbsp; &nbsp; LA VOCATION DE\u00a0 NOTRE CABINET , VOUS CONSEILLER ET VOUS DEFENDRE. \u00ab\u00a0Jamais, sans la justice, il n&rsquo;y eut de bonheur v\u00e9ritable : c&rsquo;est sur elle qu&rsquo;il faut fonder son salut et ses esp\u00e9rances.\u00a0\u00bb Euripide[\/column_1] Vous avez une question ? N&rsquo;h\u00e9sitez pas \u00e0 prendre contact avec nous ici par mail<\/p>\n","protected":false},"author":1,"featured_media":0,"parent":19,"menu_order":0,"comment_status":"closed","ping_status":"closed","template":"","meta":[],"_links":{"self":[{"href":"https:\/\/warn-avocats.fr\/index.php\/wp-json\/wp\/v2\/pages\/4"}],"collection":[{"href":"https:\/\/warn-avocats.fr\/index.php\/wp-json\/wp\/v2\/pages"}],"about":[{"href":"https:\/\/warn-avocats.fr\/index.php\/wp-json\/wp\/v2\/types\/page"}],"author":[{"embeddable":true,"href":"https:\/\/warn-avocats.fr\/index.php\/wp-json\/wp\/v2\/users\/1"}],"replies":[{"embeddable":true,"href":"https:\/\/warn-avocats.fr\/index.php\/wp-json\/wp\/v2\/comments?post=4"}],"version-history":[{"count":6,"href":"https:\/\/warn-avocats.fr\/index.php\/wp-json\/wp\/v2\/pages\/4\/revisions"}],"predecessor-version":[{"id":9917,"href":"https:\/\/warn-avocats.fr\/index.php\/wp-json\/wp\/v2\/pages\/4\/revisions\/9917"}],"up":[{"embeddable":true,"href":"https:\/\/warn-avocats.fr\/index.php\/wp-json\/wp\/v2\/pages\/19"}],"wp:attachment":[{"href":"https:\/\/warn-avocats.fr\/index.php\/wp-json\/wp\/v2\/media?parent=4"}],"curies":[{"name":"wp","href":"https:\/\/api.w.org\/{rel}","templated":true}]}}