{"id":7778,"date":"2014-04-23T10:38:38","date_gmt":"2014-04-23T10:38:38","guid":{"rendered":"http:\/\/lawyers-attorneys.vamtam.com\/?page_id=7778"},"modified":"2019-02-07T13:14:53","modified_gmt":"2019-02-07T12:14:53","slug":"domainesintervention","status":"publish","type":"page","link":"https:\/\/warn-avocats.fr\/index.php\/domainesintervention\/","title":{"rendered":"Domaines D&rsquo;intervention"},"content":{"rendered":"<div class=\"row \"><div class=\"wpv-grid grid-1-1  wpv-first-level first unextended\" style=\"padding-top:0px;padding-bottom:0px\" id=\"wpv-column-5fa4e3d8cc45f4a603222bb23380a913\" ><p>&nbsp;<\/div><\/div>\n<div class=\"push\" style='height:30px'><\/div>\n<div class=\"row \"><div class=\"wpv-grid grid-1-1  wpv-first-level first unextended\" style=\"padding-top:0px;padding-bottom:0px\" id=\"wpv-column-980a78a59d0da3d3a506895ce9333617\" ><p>&nbsp;<\/div><\/div>\n<div class=\"row \"><div class=\"wpv-grid grid-1-1  wpv-first-level first unextended\" style=\"padding-top:0px;padding-bottom:0px\" id=\"wpv-column-81f8cab8c11201c5bb42bcb5075d1c0e\" ><div class=\"row \"><div class=\"wpv-grid grid-1-1  first unextended\" style=\"padding-top:0px;padding-bottom:0px\" id=\"wpv-column-651c36056ab0b41cd60f060084041575\" ><h2 style=\"text-align: center;\">Poss\u00e9dant \u00e0 la fois une culture g\u00e9n\u00e9raliste du droit et des comp\u00e9tences sp\u00e9cifiques, le Cabinet Warn Avocats couvre toutes les branches du Droit, et plus particuli\u00e8rement les domaines suivants :<\/h2><\/div><\/div><\/div><\/div>\n\t\t<h2 class=\"text-divider-double\">\t\t\t\n\t\t<\/h2>\t\t<div class=\"sep\"><\/div>\t\n<div class=\"push\" style='margin-bottom:-32px'><\/div>\n<div class=\"row \"><div class=\"wpv-grid grid-1-1  wpv-first-level first has-background extended\" style=\"background-color:#4A4F55;padding-top:0px;padding-bottom:0px\" id=\"wpv-column-a5406375229e3fb60e2da026ad881175\" ><div class=\"extended-column-inner\"><style>#wpv-column-a5406375229e3fb60e2da026ad881175 p,#wpv-column-a5406375229e3fb60e2da026ad881175 em,#wpv-column-a5406375229e3fb60e2da026ad881175 .column-title,#wpv-column-a5406375229e3fb60e2da026ad881175 .sep-text h2.regular-title-wrapper,#wpv-column-a5406375229e3fb60e2da026ad881175 .text-divider-double,#wpv-column-a5406375229e3fb60e2da026ad881175 .sep-text .sep-text-line,#wpv-column-a5406375229e3fb60e2da026ad881175 .sep,#wpv-column-a5406375229e3fb60e2da026ad881175 .sep-2,#wpv-column-a5406375229e3fb60e2da026ad881175 .sep-3,#wpv-column-a5406375229e3fb60e2da026ad881175 td,#wpv-column-a5406375229e3fb60e2da026ad881175 th,#wpv-column-a5406375229e3fb60e2da026ad881175 caption{color:#cccfd2;}#wpv-column-a5406375229e3fb60e2da026ad881175:before{background-color:transparent;}<\/style><div class=\"row \"><div class=\"wpv-grid grid-1-4  first unextended animation-from-bottom animated-active\" style=\"padding-top:0px;padding-bottom:0px\" id=\"wpv-column-d368615e9207bf0105a92c06beeff8ef\" >\n<div  data-href=\"#\" tabindex=\"1\" data-target=\"_self\" class=\"linkarea clearfix accent6  background-accent1\">\n\t\t\t\t<div class=\"last\"><h3 style=\"text-align: center;\"><span class=\"accent-8\">Droit Civil<\/span><\/h3><\/div>\n\t<\/div><\/div>\n<div class=\"wpv-grid grid-1-4  unextended animation-fade-in animated-active\" style=\"padding-top:0px;padding-bottom:0px\" id=\"wpv-column-1dd2876dfb80877e9806327e29b36380\" >\n<div  data-href=\"#\" tabindex=\"1\" data-target=\"_self\" class=\"linkarea clearfix accent6  background-accent2\">\n\t\t\t\t<div class=\"last\"><h3 style=\"text-align: center;\"><span class=\"accent-8\">Droit des Contrats<\/span><\/h3><\/div>\n\t<\/div><\/div>\n<div class=\"wpv-grid grid-1-4  unextended animation-from-bottom animated-active\" style=\"padding-top:0px;padding-bottom:0px\" id=\"wpv-column-a8435999326b8ffa9dc7df9ad89ed6cb\" >\n<div  data-href=\"#\" tabindex=\"1\" data-target=\"_self\" class=\"linkarea clearfix accent2  background-accent1\">\n\t\t\t\t<div class=\"last\"><h3 style=\"text-align: center;\"><span class=\"accent-8\">Droit du Travail<\/span><\/h3><\/div>\n\t<\/div><\/div>\n<div class=\"wpv-grid grid-1-4  unextended animation-fade-in animated-active\" style=\"padding-top:0px;padding-bottom:0px\" id=\"wpv-column-9d4e391b6762bbbcfcb7ca87f06b43c3\" >\n<div  data-href=\"#\" tabindex=\"1\" data-target=\"_self\" class=\"linkarea clearfix accent6  background-accent2\">\n\t\t\t\t<div class=\"last\"><h3 style=\"text-align: center;\"><span class=\"accent-8\">Droit Commercial<\/span><\/h3><\/div>\n\t<\/div><\/div><\/div>\n<div class=\"row \"><div class=\"wpv-grid grid-1-4  first unextended animation-fade-in animated-active\" style=\"padding-top:0px;padding-bottom:0px\" id=\"wpv-column-ecdfe541d04ac1090f1d1c244de3ed61\" >\n<div  data-href=\"#\" tabindex=\"1\" data-target=\"_self\" class=\"linkarea clearfix accent6  background-accent2\">\n\t\t\t\t<div class=\"last\"><h3 style=\"text-align: center;\"><span class=\"accent-8\">Droit immobilier<\/span><\/h3>\n<p style=\"text-align: center;\"><\/div>\n\t<\/div><\/div>\n<div class=\"wpv-grid grid-1-4  unextended animation-from-left animated-active\" style=\"padding-top:0px;padding-bottom:0px\" id=\"wpv-column-31cc57b74bca1cd5536a4dc872d94d7c\" >\n<div  data-href=\"#\" tabindex=\"1\" data-target=\"_self\" class=\"linkarea clearfix accent6  background-accent1\">\n\t\t\t\t<div class=\"last\"><h3 style=\"text-align: center;\"><span class=\"accent-8\">Droit des Soci\u00e9t\u00e9s<\/span><\/h3>\n<p style=\"text-align: center;\"><\/div>\n\t<\/div><\/div>\n<div class=\"wpv-grid grid-1-4  unextended animation-fade-in animated-active\" style=\"padding-top:0px;padding-bottom:0px\" id=\"wpv-column-752fa7faa0f8e38fa8b8dc9f0627aa94\" >\n<div  data-href=\"#\" tabindex=\"1\" data-target=\"_self\" class=\"linkarea clearfix accent6  background-accent2\">\n\t\t\t\t<div class=\"last\"><h3 style=\"text-align: center;\"><span class=\"accent-8\">Baux Commerciaux<\/span><\/h3>\n<p style=\"text-align: center;\"><\/div>\n\t<\/div><\/div>\n<div class=\"wpv-grid grid-1-4  unextended animation-from-left animated-active\" style=\"padding-top:0px;padding-bottom:0px\" id=\"wpv-column-cccc3a1d350c1ceeda818acadac66b7d\" >\n<div  data-href=\"#\" tabindex=\"1\" data-target=\"_self\" class=\"linkarea clearfix accent6  background-accent1\">\n\t\t\t\t<div class=\"last\"><h3 style=\"text-align: center;\"><span class=\"accent-8\">Proc\u00e9dures Collectives<\/span><\/h3>\n<p style=\"text-align: center;\"><\/div>\n\t<\/div><\/div><\/div><\/div><\/div><\/div>\n","protected":false},"excerpt":{"rendered":"<p>&nbsp; &nbsp; Poss\u00e9dant \u00e0 la fois une culture g\u00e9n\u00e9raliste du droit et des comp\u00e9tences sp\u00e9cifiques, le Cabinet Warn Avocats couvre toutes les branches du Droit, et plus particuli\u00e8rement les domaines suivants : [\/column_1] [\/column_1] [\/column_1] [\/column_1] [\/column_1] [\/column_1] [\/column_1] [\/column_1] [\/column_1]<\/p>\n","protected":false},"author":1,"featured_media":0,"parent":0,"menu_order":0,"comment_status":"closed","ping_status":"closed","template":"","meta":[],"_links":{"self":[{"href":"https:\/\/warn-avocats.fr\/index.php\/wp-json\/wp\/v2\/pages\/7778"}],"collection":[{"href":"https:\/\/warn-avocats.fr\/index.php\/wp-json\/wp\/v2\/pages"}],"about":[{"href":"https:\/\/warn-avocats.fr\/index.php\/wp-json\/wp\/v2\/types\/page"}],"author":[{"embeddable":true,"href":"https:\/\/warn-avocats.fr\/index.php\/wp-json\/wp\/v2\/users\/1"}],"replies":[{"embeddable":true,"href":"https:\/\/warn-avocats.fr\/index.php\/wp-json\/wp\/v2\/comments?post=7778"}],"version-history":[{"count":6,"href":"https:\/\/warn-avocats.fr\/index.php\/wp-json\/wp\/v2\/pages\/7778\/revisions"}],"predecessor-version":[{"id":9896,"href":"https:\/\/warn-avocats.fr\/index.php\/wp-json\/wp\/v2\/pages\/7778\/revisions\/9896"}],"wp:attachment":[{"href":"https:\/\/warn-avocats.fr\/index.php\/wp-json\/wp\/v2\/media?parent=7778"}],"curies":[{"name":"wp","href":"https:\/\/api.w.org\/{rel}","templated":true}]}}