{"id":9817,"date":"2017-03-28T17:54:48","date_gmt":"2017-03-28T16:54:48","guid":{"rendered":"http:\/\/rouch-avocats.fr\/?page_id=9817"},"modified":"2017-06-20T10:23:18","modified_gmt":"2017-06-20T09:23:18","slug":"ti","status":"publish","type":"page","link":"https:\/\/warn-avocats.fr\/index.php\/ti\/","title":{"rendered":"Transactions Immobilieres"},"content":{"rendered":"\t\t<h2 class=\"text-divider-double\">\t\t\t\nMANDATAIRE EN TRANSACTION IMMOBILIERE\t\t<\/h2>\t\t<div class=\"sep\"><\/div>\t\n<div class=\"push\" style='height:10px'><\/div>\n<div class=\"row \"><div class=\"wpv-grid grid-1-1  wpv-first-level first unextended\" style=\"padding-top:0px;padding-bottom:0px\" id=\"wpv-column-801b45ec98c069b92df8e71808a0edc3\" ><p style=\"text-align: center;\">Ma\u00eetre Henri ROUCH est\u00a0 inscrit sur la liste des mandataires en transaction immobili\u00e8re cr\u00e9\u00e9e par le Barreau de Paris.<\/p>\n<p style=\"text-align: center;\">A ce titre, il\u00a0 peut intervenir comme mandataires en transaction immobili\u00e8res depuis la loi Hoguet du 2 janvier 1970.<\/p>\n<p style=\"text-align: center;\">Le Conseil de l&rsquo;Ordre des avocats \u00e0 la Cour de Paris, en sa s\u00e9ance du 21 avril 2009, est venu pr\u00e9ciser les modalit\u00e9s d&rsquo;intervention par l&rsquo;adoption d&rsquo;un nouvel article P.6.2.0.4 ainsi que l&rsquo;annexe XV du R\u00e8glement int\u00e9rieur du Barreau de Paris.<\/p>\n<p style=\"text-align: center;\">Ma\u00eetre Henri ROUCH\u00a0\u00a0 est \u00a0\u00e0 ce titre habilit\u00e9 \u00e0 intervenir en qualit\u00e9 de conseil, r\u00e9daction d&rsquo;actes et n\u00e9gociation en mati\u00e8re de transactions immobili\u00e8res.<\/p>\n<p style=\"text-align: center;\">L&rsquo;int\u00e9r\u00eat de recourir \u00e0 un avocat mandataire en transactions immobili\u00e8res r\u00e9side dans sa double comp\u00e9tence\u00a0: \u00a0aussi bien en mati\u00e8re de conseil qu&rsquo;en mati\u00e8re de contentieux.<\/p>\n<p style=\"text-align: center;\">Cette sp\u00e9cificit\u00e9 de la profession de l&rsquo;avocat fait de lui un interlocuteur pr\u00e9cieux.<\/p>\n<p style=\"text-align: center;\">L&rsquo;avocat offre \u00e0 ses clients deux garanties, l&rsquo;une consiste en une garantie de repr\u00e9sentation de fonds \u00e0 hauteur de 35 millions d&rsquo;euros et l&rsquo;autre est sa propre assurance de responsabilit\u00e9 civile.<\/p>\n<p style=\"text-align: center;\">L&rsquo;avocat ne peut pas recevoir de r\u00e9mun\u00e9ration autre que celle due pour la r\u00e9daction des actes juridiques si l&rsquo;op\u00e9ration finale n&rsquo;aboutit pas.<\/p>\n<p style=\"text-align: center;\">Il doit faire preuve d&rsquo;ind\u00e9pendance, de loyaut\u00e9, d&rsquo;impartialit\u00e9 et d&rsquo;objectivit\u00e9.<\/p>\n<p style=\"text-align: center;\">La r\u00e9mun\u00e9ration de l&rsquo;avocat est pr\u00e9vue dans le mandat qui est obligatoire ainsi que le mode de calcul des honoraires qui est librement convenue par les parties.<\/p>\n<p style=\"text-align: center;\">Cette r\u00e9mun\u00e9ration est repr\u00e9sent\u00e9e le plus souvent par un pourcentage du prix de vente.<\/p>\n<p style=\"text-align: center;\">La n\u00e9gociation relative \u00e0 la transaction immobili\u00e8re s&rsquo;exerce dans les locaux du cabinet de l&rsquo;avocat.<\/div><\/div>\n<div class=\"sep\"><\/div>\n","protected":false},"excerpt":{"rendered":"<p>Ma\u00eetre Henri ROUCH est\u00a0 inscrit sur la liste des mandataires en transaction immobili\u00e8re cr\u00e9\u00e9e par le Barreau de Paris. A ce titre, il\u00a0 peut intervenir comme mandataires en transaction immobili\u00e8res depuis la loi Hoguet du 2 janvier 1970. Le Conseil de l&rsquo;Ordre des avocats \u00e0 la Cour de Paris, en sa s\u00e9ance du 21 avril&#8230;<\/p>\n","protected":false},"author":1,"featured_media":0,"parent":0,"menu_order":0,"comment_status":"closed","ping_status":"open","template":"","meta":[],"_links":{"self":[{"href":"https:\/\/warn-avocats.fr\/index.php\/wp-json\/wp\/v2\/pages\/9817"}],"collection":[{"href":"https:\/\/warn-avocats.fr\/index.php\/wp-json\/wp\/v2\/pages"}],"about":[{"href":"https:\/\/warn-avocats.fr\/index.php\/wp-json\/wp\/v2\/types\/page"}],"author":[{"embeddable":true,"href":"https:\/\/warn-avocats.fr\/index.php\/wp-json\/wp\/v2\/users\/1"}],"replies":[{"embeddable":true,"href":"https:\/\/warn-avocats.fr\/index.php\/wp-json\/wp\/v2\/comments?post=9817"}],"version-history":[{"count":5,"href":"https:\/\/warn-avocats.fr\/index.php\/wp-json\/wp\/v2\/pages\/9817\/revisions"}],"predecessor-version":[{"id":9861,"href":"https:\/\/warn-avocats.fr\/index.php\/wp-json\/wp\/v2\/pages\/9817\/revisions\/9861"}],"wp:attachment":[{"href":"https:\/\/warn-avocats.fr\/index.php\/wp-json\/wp\/v2\/media?parent=9817"}],"curies":[{"name":"wp","href":"https:\/\/api.w.org\/{rel}","templated":true}]}}